{"id":3881,"date":"2023-11-20T18:37:19","date_gmt":"2023-11-20T17:37:19","guid":{"rendered":"https:\/\/grupazejler.pl\/nabidka\/"},"modified":"2024-05-13T17:54:47","modified_gmt":"2024-05-13T15:54:47","slug":"nabidka","status":"publish","type":"page","link":"https:\/\/grupazejler.pl\/cs\/nabidka\/","title":{"rendered":"Nab\u00eddka"},"content":{"rendered":"<style>.kb-row-layout-id3881_b30be2-6f > .kt-row-column-wrap{align-content:start;}:where(.kb-row-layout-id3881_b30be2-6f > .kt-row-column-wrap) > .wp-block-kadence-column{justify-content:start;}.kb-row-layout-id3881_b30be2-6f > .kt-row-column-wrap{column-gap:var(--global-kb-gap-md, 2rem);row-gap:var(--global-kb-gap-md, 2rem);max-width:800px;margin-left:auto;margin-right:auto;padding-top:var(--global-kb-spacing-xxl, 5rem);padding-bottom:var(--global-kb-spacing-xxl, 5rem);grid-template-columns:minmax(0, 1fr);}.kb-row-layout-id3881_b30be2-6f{background-image:url('https:\/\/grupazejler.pl\/wp-content\/uploads\/2023\/11\/fotowoltaika.jpg');background-size:cover;background-position:48% 56.99999999999999%;background-attachment:scroll;background-repeat:no-repeat;}.kb-row-layout-id3881_b30be2-6f > .kt-row-layout-overlay{opacity:0.60;background-color:var(--global-palette3, #1A202C);}@media all and (max-width: 1024px){.kb-row-layout-id3881_b30be2-6f > .kt-row-column-wrap{grid-template-columns:minmax(0, 1fr);}}@media all and (max-width: 767px){.kb-row-layout-id3881_b30be2-6f > .kt-row-column-wrap{grid-template-columns:minmax(0, 1fr);}}<\/style><div class=\"kb-row-layout-wrap kb-row-layout-id3881_b30be2-6f alignnone kt-row-has-bg wp-block-kadence-rowlayout\"><div class=\"kt-row-layout-overlay kt-row-overlay-normal\"><\/div><div class=\"kt-row-column-wrap kt-has-1-columns kt-row-layout-equal kt-tab-layout-inherit kt-mobile-layout-row kt-row-valign-top\">\n<style>.kadence-column3881_16e947-10 > .kt-inside-inner-col,.kadence-column3881_16e947-10 > .kt-inside-inner-col:before{border-top-left-radius:0px;border-top-right-radius:0px;border-bottom-right-radius:0px;border-bottom-left-radius:0px;}.kadence-column3881_16e947-10 > .kt-inside-inner-col{column-gap:var(--global-kb-gap-sm, 1rem);}.kadence-column3881_16e947-10 > .kt-inside-inner-col{flex-direction:column;}.kadence-column3881_16e947-10 > .kt-inside-inner-col > .aligncenter{width:100%;}.kadence-column3881_16e947-10 > .kt-inside-inner-col:before{opacity:0.3;}.kadence-column3881_16e947-10{position:relative;}@media all and (max-width: 1024px){.kadence-column3881_16e947-10 > .kt-inside-inner-col{flex-direction:column;justify-content:center;}}@media all and (max-width: 767px){.kadence-column3881_16e947-10 > .kt-inside-inner-col{flex-direction:column;justify-content:center;}}<\/style>\n<div class=\"wp-block-kadence-column kadence-column3881_16e947-10\"><div class=\"kt-inside-inner-col\"><style>.wp-block-kadence-advancedheading.kt-adv-heading3881_be0fe2-7e, .wp-block-kadence-advancedheading.kt-adv-heading3881_be0fe2-7e[data-kb-block=\"kb-adv-heading3881_be0fe2-7e\"]{text-align:center;font-size:var(--global-kb-font-size-xl, 3rem);font-style:normal;}.wp-block-kadence-advancedheading.kt-adv-heading3881_be0fe2-7e mark.kt-highlight, .wp-block-kadence-advancedheading.kt-adv-heading3881_be0fe2-7e[data-kb-block=\"kb-adv-heading3881_be0fe2-7e\"] mark.kt-highlight{font-style:normal;color:#f76a0c;-webkit-box-decoration-break:clone;box-decoration-break:clone;padding-top:0px;padding-right:0px;padding-bottom:0px;padding-left:0px;}<\/style>\n<h1 class=\"kt-adv-heading3881_be0fe2-7e wp-block-kadence-advancedheading has-theme-palette-9-color has-text-color\" data-kb-block=\"kb-adv-heading3881_be0fe2-7e\">Nab\u00eddka<\/h1>\n\n\n<style>.wp-block-kadence-advancedheading.kt-adv-heading3881_0adde6-26, .wp-block-kadence-advancedheading.kt-adv-heading3881_0adde6-26[data-kb-block=\"kb-adv-heading3881_0adde6-26\"]{text-align:center;font-size:18px;font-style:normal;}.wp-block-kadence-advancedheading.kt-adv-heading3881_0adde6-26 mark.kt-highlight, .wp-block-kadence-advancedheading.kt-adv-heading3881_0adde6-26[data-kb-block=\"kb-adv-heading3881_0adde6-26\"] mark.kt-highlight{font-style:normal;color:#f76a0c;-webkit-box-decoration-break:clone;box-decoration-break:clone;padding-top:0px;padding-right:0px;padding-bottom:0px;padding-left:0px;}<\/style>\n<p class=\"kt-adv-heading3881_0adde6-26 wp-block-kadence-advancedheading has-theme-palette-9-color has-text-color\" data-kb-block=\"kb-adv-heading3881_0adde6-26\">Objevte na\u0161i komplexn\u00ed nab\u00eddku p\u0159izp\u016fsobenou modern\u00edm pot\u0159eb\u00e1m. Nab\u00edz\u00edme \u00fa\u010dinn\u00e1 a ekologick\u00e1 \u0159e\u0161en\u00ed, jako jsou tepeln\u00e1 \u010derpadla, kter\u00e1 v\u00e1m zajist\u00ed nejen \u00fasporu pen\u011bz, ale tak\u00e9 p\u00e9\u010di o \u017eivotn\u00ed prost\u0159ed\u00ed. Vyu\u017eijte s\u00edlu slunce investic\u00ed do fotovoltaiky a zajist\u011bte si st\u00e1l\u00fd p\u0159\u00edsun tepl\u00e9 vody pomoc\u00ed z\u00e1sobn\u00edk\u016f na teplou vodu. Na\u0161e popla\u0161n\u00e9 syst\u00e9my, v\u010detn\u011b po\u017e\u00e1rn\u00edch hl\u00e1si\u010d\u016f, zaru\u010duj\u00ed \u00fa\u010dinnou ochranu va\u0161\u00ed bezpe\u010dnosti. Zvukov\u00e9 v\u00fdstra\u017en\u00e9 syst\u00e9my, rozhlasov\u00e9 syst\u00e9my, baterie a tak\u00e9 z\u00e1kladn\u00ed p\u0159edm\u011bty po\u017e\u00e1rn\u00ed ochrany, jako jsou hydranty a hasic\u00ed p\u0159\u00edstroje, jsou jen n\u011bkter\u00e9 z n\u00e1vrh\u016f, kter\u00e9 nab\u00edz\u00edme, abyste se mohli \u00fa\u010dinn\u011b postarat o sv\u00e9 pot\u0159eby a bezpe\u010dnost. Vyberte si na\u0161i nab\u00eddku a investujte do lep\u0161\u00ed a udr\u017eiteln\u011bj\u0161\u00ed budoucnosti.<\/p>\n<\/div><\/div>\n\n<\/div><\/div>\n\n<style>.kb-row-layout-id3881_8aad6d-2d > .kt-row-column-wrap{align-content:start;}:where(.kb-row-layout-id3881_8aad6d-2d > .kt-row-column-wrap) > .wp-block-kadence-column{justify-content:start;}.kb-row-layout-id3881_8aad6d-2d > .kt-row-column-wrap{column-gap:var(--global-kb-gap-md, 2rem);row-gap:var(--global-kb-gap-md, 2rem);max-width:var( --global-content-width, 1290px );padding-left:var(--global-content-edge-padding);padding-right:var(--global-content-edge-padding);padding-top:var(--global-kb-spacing-xxl, 5rem);padding-right:var(--global-kb-spacing-sm, 1.5rem);padding-bottom:var(--global-kb-spacing-xxl, 5rem);padding-left:var(--global-kb-spacing-sm, 1.5rem);grid-template-columns:minmax(0, 1fr);}.kb-row-layout-id3881_8aad6d-2d > .kt-row-layout-overlay{opacity:0.30;}@media all and (max-width: 1024px){.kb-row-layout-id3881_8aad6d-2d > .kt-row-column-wrap{grid-template-columns:minmax(0, 1fr);}}@media all and (max-width: 767px){.kb-row-layout-id3881_8aad6d-2d > .kt-row-column-wrap{grid-template-columns:minmax(0, 1fr);}}<\/style><div class=\"kb-row-layout-wrap kb-row-layout-id3881_8aad6d-2d alignnone zejler-category-list wp-block-kadence-rowlayout\"><div class=\"kt-row-column-wrap kt-has-1-columns kt-row-layout-equal kt-tab-layout-inherit kt-mobile-layout-row kt-row-valign-top kb-theme-content-width\">\n<style>.kadence-column3881_b5b19a-ef > .kt-inside-inner-col,.kadence-column3881_b5b19a-ef > .kt-inside-inner-col:before{border-top-left-radius:0px;border-top-right-radius:0px;border-bottom-right-radius:0px;border-bottom-left-radius:0px;}.kadence-column3881_b5b19a-ef > .kt-inside-inner-col{column-gap:var(--global-kb-gap-sm, 1rem);}.kadence-column3881_b5b19a-ef > .kt-inside-inner-col{flex-direction:column;}.kadence-column3881_b5b19a-ef > .kt-inside-inner-col > .aligncenter{width:100%;}.kadence-column3881_b5b19a-ef > .kt-inside-inner-col:before{opacity:0.3;}.kadence-column3881_b5b19a-ef{position:relative;}@media all and (max-width: 1024px){.kadence-column3881_b5b19a-ef > .kt-inside-inner-col{flex-direction:column;justify-content:center;}}@media all and (max-width: 767px){.kadence-column3881_b5b19a-ef > .kt-inside-inner-col{flex-direction:column;justify-content:center;}}<\/style>\n<div class=\"wp-block-kadence-column kadence-column3881_b5b19a-ef\"><div class=\"kt-inside-inner-col\"><div class=\"woocommerce columns-4\"><ul class=\"products content-wrap product-archive grid-cols grid-ss-col-2 grid-sm-col-3 grid-lg-col-4 woo-archive-action-visible woo-archive-btn-button align-buttons-bottom  woo-archive-image-hover-none\"><li class=\"product-category product first entry content-bg loop-entry\">\n\t<a aria-label=\"Nav\u0161tivte kategorii produktu Baterie\" href=\"https:\/\/grupazejler.pl\/cs\/kategoria-produktu\/baterie\/\"><img loading=\"lazy\" decoding=\"async\" src=\"https:\/\/grupazejler.pl\/wp-content\/uploads\/2023\/12\/AKUMULATOR-AGM-12V-12AH--300x264.png\" alt=\"Baterie\" width=\"300\" height=\"300\" \/><div class=\"product-details content-bg entry-content-wrap\">\t\t<h2 class=\"woocommerce-loop-category__title\">\n\t\t\tBaterie\t\t<\/h2>\n\t\t<\/div><\/a><\/li>\n<li class=\"product-category product entry content-bg loop-entry\">\n\t<a aria-label=\"Nav\u0161tivte kategorii produktu Hlasov\u00e9 varovn\u00e9 syst\u00e9my\" href=\"https:\/\/grupazejler.pl\/cs\/kategoria-produktu\/hlasove-varovne-systemy\/\"><img loading=\"lazy\" decoding=\"async\" src=\"https:\/\/grupazejler.pl\/wp-content\/uploads\/woocommerce-placeholder-300x300.png\" alt=\"Hlasov\u00e9 varovn\u00e9 syst\u00e9my\" width=\"300\" height=\"300\" \/><div class=\"product-details content-bg entry-content-wrap\">\t\t<h2 class=\"woocommerce-loop-category__title\">\n\t\t\tHlasov\u00e9 varovn\u00e9 syst\u00e9my\t\t<\/h2>\n\t\t<\/div><\/a><\/li>\n<li class=\"product-category product entry content-bg loop-entry\">\n\t<a aria-label=\"Nav\u0161tivte kategorii produktu Tepeln\u00e1 \u010derpadla\" href=\"https:\/\/grupazejler.pl\/cs\/kategoria-produktu\/tepelna-cerpadla\/\"><img loading=\"lazy\" decoding=\"async\" src=\"https:\/\/grupazejler.pl\/wp-content\/uploads\/woocommerce-placeholder-300x300.png\" alt=\"Tepeln\u00e1 \u010derpadla\" width=\"300\" height=\"300\" \/><div class=\"product-details content-bg entry-content-wrap\">\t\t<h2 class=\"woocommerce-loop-category__title\">\n\t\t\tTepeln\u00e1 \u010derpadla <mark class=\"count\">(3)<\/mark>\t\t<\/h2>\n\t\t<\/div><\/a><\/li>\n<\/ul>\n<\/div>\n<\/div><\/div>\n\n<\/div><\/div>","protected":false},"excerpt":{"rendered":"<p>Nab\u00eddka Objevte na\u0161i komplexn\u00ed nab\u00eddku p\u0159izp\u016fsobenou modern\u00edm pot\u0159eb\u00e1m. Nab\u00edz\u00edme \u00fa\u010dinn\u00e1 a ekologick\u00e1 \u0159e\u0161en\u00ed, jako jsou tepeln\u00e1 \u010derpadla, kter\u00e1 v\u00e1m zajist\u00ed nejen \u00fasporu pen\u011bz, ale tak\u00e9 p\u00e9\u010di o \u017eivotn\u00ed prost\u0159ed\u00ed. Vyu\u017eijte s\u00edlu slunce investic\u00ed do fotovoltaiky a zajist\u011bte si st\u00e1l\u00fd p\u0159\u00edsun tepl\u00e9 vody pomoc\u00ed z\u00e1sobn\u00edk\u016f na teplou vodu. Na\u0161e popla\u0161n\u00e9 syst\u00e9my, v\u010detn\u011b po\u017e\u00e1rn\u00edch hl\u00e1si\u010d\u016f, zaru\u010duj\u00ed \u00fa\u010dinnou&#8230;<\/p>\n","protected":false},"author":1,"featured_media":0,"parent":0,"menu_order":0,"comment_status":"closed","ping_status":"closed","template":"","meta":{"_acf_changed":false,"_kadence_starter_templates_imported_post":false,"_kad_post_transparent":"","_kad_post_title":"hide","_kad_post_layout":"fullwidth","_kad_post_sidebar_id":"","_kad_post_content_style":"unboxed","_kad_post_vertical_padding":"hide","_kad_post_feature":"","_kad_post_feature_position":"","_kad_post_header":false,"_kad_post_footer":false,"footnotes":""},"class_list":["post-3881","page","type-page","status-publish","hentry"],"acf":[],"yoast_head":"<!-- This site is optimized with the Yoast SEO plugin v26.0 - https:\/\/yoast.com\/wordpress\/plugins\/seo\/ -->\n<title>Tepeln\u00e1 \u010derpadla, fotovoltaick\u00e9 panely a zabezpe\u010dovac\u00ed syst\u00e9my online shop - Grupa Zejler<\/title>\n<meta name=\"description\" content=\"Tepeln\u00e1 \u010derpadla, fotovoltaick\u00e9 panely, zabezpe\u010dovac\u00ed syst\u00e9my - skupina Zejler dod\u00e1v\u00e1 inovativn\u00ed energetick\u00e1 \u0159e\u0161en\u00ed a bezpe\u010dnostn\u00ed syst\u00e9my!\" \/>\n<meta name=\"robots\" content=\"index, follow, max-snippet:-1, max-image-preview:large, max-video-preview:-1\" \/>\n<link rel=\"canonical\" href=\"https:\/\/grupazejler.pl\/cs\/nabidka\/\" \/>\n<meta property=\"og:locale\" content=\"cs_CZ\" \/>\n<meta property=\"og:type\" content=\"article\" \/>\n<meta property=\"og:title\" content=\"Tepeln\u00e1 \u010derpadla, fotovoltaick\u00e9 panely a zabezpe\u010dovac\u00ed syst\u00e9my online shop - Grupa Zejler\" \/>\n<meta property=\"og:description\" content=\"Tepeln\u00e1 \u010derpadla, fotovoltaick\u00e9 panely, zabezpe\u010dovac\u00ed syst\u00e9my - skupina Zejler dod\u00e1v\u00e1 inovativn\u00ed energetick\u00e1 \u0159e\u0161en\u00ed a bezpe\u010dnostn\u00ed syst\u00e9my!\" \/>\n<meta property=\"og:url\" content=\"https:\/\/grupazejler.pl\/cs\/nabidka\/\" \/>\n<meta property=\"og:site_name\" content=\"Grupa Zejler\" \/>\n<meta property=\"article:modified_time\" content=\"2024-05-13T15:54:47+00:00\" \/>\n<meta name=\"twitter:card\" content=\"summary_large_image\" \/>\n<meta name=\"twitter:label1\" content=\"Odhadovan\u00e1 doba \u010dten\u00ed\" \/>\n\t<meta name=\"twitter:data1\" content=\"1 minuta\" \/>\n<script type=\"application\/ld+json\" class=\"yoast-schema-graph\">{\"@context\":\"https:\/\/schema.org\",\"@graph\":[{\"@type\":\"WebPage\",\"@id\":\"https:\/\/grupazejler.pl\/cs\/nabidka\/\",\"url\":\"https:\/\/grupazejler.pl\/cs\/nabidka\/\",\"name\":\"Tepeln\u00e1 \u010derpadla, fotovoltaick\u00e9 panely a zabezpe\u010dovac\u00ed syst\u00e9my online shop - Grupa Zejler\",\"isPartOf\":{\"@id\":\"https:\/\/grupazejler.pl\/cs\/#website\"},\"datePublished\":\"2023-11-20T17:37:19+00:00\",\"dateModified\":\"2024-05-13T15:54:47+00:00\",\"description\":\"Tepeln\u00e1 \u010derpadla, fotovoltaick\u00e9 panely, zabezpe\u010dovac\u00ed syst\u00e9my - skupina Zejler dod\u00e1v\u00e1 inovativn\u00ed energetick\u00e1 \u0159e\u0161en\u00ed a bezpe\u010dnostn\u00ed syst\u00e9my!\",\"breadcrumb\":{\"@id\":\"https:\/\/grupazejler.pl\/cs\/nabidka\/#breadcrumb\"},\"inLanguage\":\"cs\",\"potentialAction\":[{\"@type\":\"ReadAction\",\"target\":[\"https:\/\/grupazejler.pl\/cs\/nabidka\/\"]}]},{\"@type\":\"BreadcrumbList\",\"@id\":\"https:\/\/grupazejler.pl\/cs\/nabidka\/#breadcrumb\",\"itemListElement\":[{\"@type\":\"ListItem\",\"position\":1,\"name\":\"Strona g\u0142\u00f3wna\",\"item\":\"https:\/\/grupazejler.pl\/cs\/\"},{\"@type\":\"ListItem\",\"position\":2,\"name\":\"Nab\u00eddka\"}]},{\"@type\":\"WebSite\",\"@id\":\"https:\/\/grupazejler.pl\/cs\/#website\",\"url\":\"https:\/\/grupazejler.pl\/cs\/\",\"name\":\"Grupa Zejler\",\"description\":\"\",\"publisher\":{\"@id\":\"https:\/\/grupazejler.pl\/cs\/#organization\"},\"potentialAction\":[{\"@type\":\"SearchAction\",\"target\":{\"@type\":\"EntryPoint\",\"urlTemplate\":\"https:\/\/grupazejler.pl\/cs\/?s={search_term_string}\"},\"query-input\":{\"@type\":\"PropertyValueSpecification\",\"valueRequired\":true,\"valueName\":\"search_term_string\"}}],\"inLanguage\":\"cs\"},{\"@type\":\"Organization\",\"@id\":\"https:\/\/grupazejler.pl\/cs\/#organization\",\"name\":\"Grupa Zejler\",\"url\":\"https:\/\/grupazejler.pl\/cs\/\",\"logo\":{\"@type\":\"ImageObject\",\"inLanguage\":\"cs\",\"@id\":\"https:\/\/grupazejler.pl\/cs\/#\/schema\/logo\/image\/\",\"url\":\"https:\/\/grupazejler.pl\/wp-content\/uploads\/2023\/11\/cropped-logo.png\",\"contentUrl\":\"https:\/\/grupazejler.pl\/wp-content\/uploads\/2023\/11\/cropped-logo.png\",\"width\":210,\"height\":53,\"caption\":\"Grupa Zejler\"},\"image\":{\"@id\":\"https:\/\/grupazejler.pl\/cs\/#\/schema\/logo\/image\/\"}}]}<\/script>\n<!-- \/ Yoast SEO plugin. -->","yoast_head_json":{"title":"Tepeln\u00e1 \u010derpadla, fotovoltaick\u00e9 panely a zabezpe\u010dovac\u00ed syst\u00e9my online shop - Grupa Zejler","description":"Tepeln\u00e1 \u010derpadla, fotovoltaick\u00e9 panely, zabezpe\u010dovac\u00ed syst\u00e9my - skupina Zejler dod\u00e1v\u00e1 inovativn\u00ed energetick\u00e1 \u0159e\u0161en\u00ed a bezpe\u010dnostn\u00ed syst\u00e9my!","robots":{"index":"index","follow":"follow","max-snippet":"max-snippet:-1","max-image-preview":"max-image-preview:large","max-video-preview":"max-video-preview:-1"},"canonical":"https:\/\/grupazejler.pl\/cs\/nabidka\/","og_locale":"cs_CZ","og_type":"article","og_title":"Tepeln\u00e1 \u010derpadla, fotovoltaick\u00e9 panely a zabezpe\u010dovac\u00ed syst\u00e9my online shop - Grupa Zejler","og_description":"Tepeln\u00e1 \u010derpadla, fotovoltaick\u00e9 panely, zabezpe\u010dovac\u00ed syst\u00e9my - skupina Zejler dod\u00e1v\u00e1 inovativn\u00ed energetick\u00e1 \u0159e\u0161en\u00ed a bezpe\u010dnostn\u00ed syst\u00e9my!","og_url":"https:\/\/grupazejler.pl\/cs\/nabidka\/","og_site_name":"Grupa Zejler","article_modified_time":"2024-05-13T15:54:47+00:00","twitter_card":"summary_large_image","twitter_misc":{"Odhadovan\u00e1 doba \u010dten\u00ed":"1 minuta"},"schema":{"@context":"https:\/\/schema.org","@graph":[{"@type":"WebPage","@id":"https:\/\/grupazejler.pl\/cs\/nabidka\/","url":"https:\/\/grupazejler.pl\/cs\/nabidka\/","name":"Tepeln\u00e1 \u010derpadla, fotovoltaick\u00e9 panely a zabezpe\u010dovac\u00ed syst\u00e9my online shop - Grupa Zejler","isPartOf":{"@id":"https:\/\/grupazejler.pl\/cs\/#website"},"datePublished":"2023-11-20T17:37:19+00:00","dateModified":"2024-05-13T15:54:47+00:00","description":"Tepeln\u00e1 \u010derpadla, fotovoltaick\u00e9 panely, zabezpe\u010dovac\u00ed syst\u00e9my - skupina Zejler dod\u00e1v\u00e1 inovativn\u00ed energetick\u00e1 \u0159e\u0161en\u00ed a bezpe\u010dnostn\u00ed syst\u00e9my!","breadcrumb":{"@id":"https:\/\/grupazejler.pl\/cs\/nabidka\/#breadcrumb"},"inLanguage":"cs","potentialAction":[{"@type":"ReadAction","target":["https:\/\/grupazejler.pl\/cs\/nabidka\/"]}]},{"@type":"BreadcrumbList","@id":"https:\/\/grupazejler.pl\/cs\/nabidka\/#breadcrumb","itemListElement":[{"@type":"ListItem","position":1,"name":"Strona g\u0142\u00f3wna","item":"https:\/\/grupazejler.pl\/cs\/"},{"@type":"ListItem","position":2,"name":"Nab\u00eddka"}]},{"@type":"WebSite","@id":"https:\/\/grupazejler.pl\/cs\/#website","url":"https:\/\/grupazejler.pl\/cs\/","name":"Grupa Zejler","description":"","publisher":{"@id":"https:\/\/grupazejler.pl\/cs\/#organization"},"potentialAction":[{"@type":"SearchAction","target":{"@type":"EntryPoint","urlTemplate":"https:\/\/grupazejler.pl\/cs\/?s={search_term_string}"},"query-input":{"@type":"PropertyValueSpecification","valueRequired":true,"valueName":"search_term_string"}}],"inLanguage":"cs"},{"@type":"Organization","@id":"https:\/\/grupazejler.pl\/cs\/#organization","name":"Grupa Zejler","url":"https:\/\/grupazejler.pl\/cs\/","logo":{"@type":"ImageObject","inLanguage":"cs","@id":"https:\/\/grupazejler.pl\/cs\/#\/schema\/logo\/image\/","url":"https:\/\/grupazejler.pl\/wp-content\/uploads\/2023\/11\/cropped-logo.png","contentUrl":"https:\/\/grupazejler.pl\/wp-content\/uploads\/2023\/11\/cropped-logo.png","width":210,"height":53,"caption":"Grupa Zejler"},"image":{"@id":"https:\/\/grupazejler.pl\/cs\/#\/schema\/logo\/image\/"}}]}},"_links":{"self":[{"href":"https:\/\/grupazejler.pl\/cs\/wp-json\/wp\/v2\/pages\/3881","targetHints":{"allow":["GET"]}}],"collection":[{"href":"https:\/\/grupazejler.pl\/cs\/wp-json\/wp\/v2\/pages"}],"about":[{"href":"https:\/\/grupazejler.pl\/cs\/wp-json\/wp\/v2\/types\/page"}],"author":[{"embeddable":true,"href":"https:\/\/grupazejler.pl\/cs\/wp-json\/wp\/v2\/users\/1"}],"replies":[{"embeddable":true,"href":"https:\/\/grupazejler.pl\/cs\/wp-json\/wp\/v2\/comments?post=3881"}],"version-history":[{"count":4,"href":"https:\/\/grupazejler.pl\/cs\/wp-json\/wp\/v2\/pages\/3881\/revisions"}],"predecessor-version":[{"id":3915,"href":"https:\/\/grupazejler.pl\/cs\/wp-json\/wp\/v2\/pages\/3881\/revisions\/3915"}],"wp:attachment":[{"href":"https:\/\/grupazejler.pl\/cs\/wp-json\/wp\/v2\/media?parent=3881"}],"curies":[{"name":"wp","href":"https:\/\/api.w.org\/{rel}","templated":true}]}}